{"id":2621,"date":"2025-09-28T16:22:07","date_gmt":"2025-09-28T19:22:07","guid":{"rendered":"https:\/\/abinvi.com.br\/novo\/?page_id=2621"},"modified":"2025-09-28T17:07:08","modified_gmt":"2025-09-28T20:07:08","slug":"noticias","status":"publish","type":"page","link":"https:\/\/abinvi.com.br\/novo\/noticias\/","title":{"rendered":"Not\u00edcias"},"content":{"rendered":"\t\t<div data-elementor-type=\"wp-page\" data-elementor-id=\"2621\" class=\"elementor elementor-2621\" data-elementor-post-type=\"page\">\n\t\t\t\t<div class=\"elementor-element elementor-element-5827706 e-flex e-con-boxed wpr-particle-no wpr-jarallax-no wpr-parallax-no wpr-sticky-section-no e-con e-parent\" data-id=\"5827706\" data-element_type=\"container\" data-e-type=\"container\">\n\t\t\t\t\t<div class=\"e-con-inner\">\n\t\t\t\t<div class=\"elementor-element elementor-element-7a2ba11 elementor-grid-1 elementor-posts--thumbnail-none elementor-grid-tablet-2 elementor-grid-mobile-1 elementor-card-shadow-yes elementor-posts__hover-gradient elementor-widget elementor-widget-posts\" data-id=\"7a2ba11\" data-element_type=\"widget\" data-e-type=\"widget\" data-settings=\"{&quot;cards_columns&quot;:&quot;1&quot;,&quot;pagination_type&quot;:&quot;numbers_and_prev_next&quot;,&quot;cards_columns_tablet&quot;:&quot;2&quot;,&quot;cards_columns_mobile&quot;:&quot;1&quot;,&quot;cards_row_gap&quot;:{&quot;unit&quot;:&quot;px&quot;,&quot;size&quot;:35,&quot;sizes&quot;:[]},&quot;cards_row_gap_tablet&quot;:{&quot;unit&quot;:&quot;px&quot;,&quot;size&quot;:&quot;&quot;,&quot;sizes&quot;:[]},&quot;cards_row_gap_mobile&quot;:{&quot;unit&quot;:&quot;px&quot;,&quot;size&quot;:&quot;&quot;,&quot;sizes&quot;:[]}}\" data-widget_type=\"posts.cards\">\n\t\t\t\t<div class=\"elementor-widget-container\">\n\t\t\t\t\t\t\t<div class=\"elementor-posts-container elementor-posts elementor-posts--skin-cards elementor-grid\" role=\"list\">\n\t\t\t\t<article class=\"elementor-post elementor-grid-item post-2619 post type-post status-publish format-standard hentry category-comunicado-interno\" role=\"listitem\">\n\t\t\t<div class=\"elementor-post__card\">\n\t\t\t\t<div class=\"elementor-post__text\">\n\t\t\t\t<h2 class=\"elementor-post__title\">\n\t\t\t<a href=\"https:\/\/abinvi.com.br\/novo\/%f0%9f%9a%a8-comunicado-importante-abinvi-%f0%9f%9a%a8\/\" >\n\t\t\t\t\ud83d\udea8 COMUNICADO IMPORTANTE \u2013 ABINVI \ud83d\udea8\t\t\t<\/a>\n\t\t<\/h2>\n\t\t\t\t<div class=\"elementor-post__excerpt\">\n\t\t\t<p>Caros membros, Na primeira semana de outubro realizaremos nossa Reuni\u00e3o Plen\u00e1ria Online, com a seguinte pauta: \u2705 Informar o atual estado da Associa\u00e7\u00e3o; \u2705 Apresentar os Relat\u00f3rios de Gest\u00e3o e Fiscal de 2025; \u2705 Discutir propostas de mudan\u00e7a estatut\u00e1ria; \u2705 Tratar das mudan\u00e7as na Junta Diretiva; \u2705 Deliberar sobre outros assuntos de interesse da ABINVI. \ud83d\udccc Novidades importantes: \u2705Estamos em processo de homologa\u00e7\u00e3o do Curso de Fundamentos de Investiga\u00e7\u00e3o de Inc\u00eandios perante a IAAI, com previs\u00e3o de aprova\u00e7\u00e3o\u00a0 a fim de que\u00a0 em novembro possamos aplicar o curso; \u2705Prevemos a realiza\u00e7\u00e3o da prova de certifica\u00e7\u00e3o j\u00e1 no in\u00edcio de dezembro; \u2705A partir de 2025, teremos Masterclasses mensais gratuitas para os membros; \u2705Lan\u00e7aremos um reposit\u00f3rio permanente de artigos t\u00e9cnicos; \u2705Organizaremos um Workshop Anual; \u2705E j\u00e1 estamos trabalhando para o SENAPI 2026. \ud83d\udcca Queremos ouvir voc\u00ea! Em breve divulgaremos uma pesquisa junto aos associados para saber quais conte\u00fados, informa\u00e7\u00f5es e benef\u00edcios voc\u00eas gostariam de ver na ABINVI. \ud83d\uddd3\ufe0f Em breve ser\u00e1 enviado o link de acesso e a confirma\u00e7\u00e3o da data\/hora da reuni\u00e3o plen\u00e1ria. *Sua participa\u00e7\u00e3o \u00e9 fundamental para o fortalecimento e o futuro da nossa associa\u00e7\u00e3o!*<\/p>\n\t\t<\/div>\n\t\t\n\t\t<a class=\"elementor-post__read-more\" href=\"https:\/\/abinvi.com.br\/novo\/%f0%9f%9a%a8-comunicado-importante-abinvi-%f0%9f%9a%a8\/\" aria-label=\"Read more about \ud83d\udea8 COMUNICADO IMPORTANTE \u2013 ABINVI \ud83d\udea8\" tabindex=\"-1\" >\n\t\t\tLeia Mais...\t\t<\/a>\n\n\t\t\t\t<\/div>\n\t\t\t\t<div class=\"elementor-post__meta-data\">\n\t\t\t\t\t<span class=\"elementor-post-author\">\n\t\t\tadmin\t\t<\/span>\n\t\t\t\t<span class=\"elementor-post-date\">\n\t\t\t28\/09\/2025\t\t<\/span>\n\t\t\t\t<span class=\"elementor-post-avatar\">\n\t\t\tSem coment\u00e1rios\t\t<\/span>\n\t\t\t\t<\/div>\n\t\t\t\t\t<\/div>\n\t\t<\/article>\n\t\t\t\t<\/div>\n\t\t\n\t\t\t\t\t\t<\/div>\n\t\t\t\t<\/div>\n\t\t\t\t\t<\/div>\n\t\t\t\t<\/div>\n\t\t\t\t<\/div>\n\t\t","protected":false},"excerpt":{"rendered":"","protected":false},"author":1,"featured_media":0,"parent":0,"menu_order":0,"comment_status":"closed","ping_status":"closed","template":"","meta":{"footnotes":""},"class_list":["post-2621","page","type-page","status-publish","hentry"],"_links":{"self":[{"href":"https:\/\/abinvi.com.br\/novo\/wp-json\/wp\/v2\/pages\/2621","targetHints":{"allow":["GET"]}}],"collection":[{"href":"https:\/\/abinvi.com.br\/novo\/wp-json\/wp\/v2\/pages"}],"about":[{"href":"https:\/\/abinvi.com.br\/novo\/wp-json\/wp\/v2\/types\/page"}],"author":[{"embeddable":true,"href":"https:\/\/abinvi.com.br\/novo\/wp-json\/wp\/v2\/users\/1"}],"replies":[{"embeddable":true,"href":"https:\/\/abinvi.com.br\/novo\/wp-json\/wp\/v2\/comments?post=2621"}],"version-history":[{"count":25,"href":"https:\/\/abinvi.com.br\/novo\/wp-json\/wp\/v2\/pages\/2621\/revisions"}],"predecessor-version":[{"id":2664,"href":"https:\/\/abinvi.com.br\/novo\/wp-json\/wp\/v2\/pages\/2621\/revisions\/2664"}],"wp:attachment":[{"href":"https:\/\/abinvi.com.br\/novo\/wp-json\/wp\/v2\/media?parent=2621"}],"curies":[{"name":"wp","href":"https:\/\/api.w.org\/{rel}","templated":true}]}}