{"id":276,"date":"2024-04-02T11:08:00","date_gmt":"2024-04-02T14:08:00","guid":{"rendered":"https:\/\/abinvi.com.br\/novo\/?page_id=276"},"modified":"2025-09-22T20:25:54","modified_gmt":"2025-09-22T23:25:54","slug":"certificacoes","status":"publish","type":"page","link":"https:\/\/abinvi.com.br\/novo\/certificacoes\/","title":{"rendered":"Certifica\u00e7\u00f5es"},"content":{"rendered":"\t\t<div data-elementor-type=\"wp-page\" data-elementor-id=\"276\" class=\"elementor elementor-276\" data-elementor-post-type=\"page\">\n\t\t\t\t<div class=\"elementor-element elementor-element-a9961e0 e-flex e-con-boxed wpr-particle-no wpr-jarallax-no wpr-parallax-no wpr-sticky-section-no e-con e-parent\" data-id=\"a9961e0\" data-element_type=\"container\" data-e-type=\"container\">\n\t\t\t\t\t<div class=\"e-con-inner\">\n\t\t<div class=\"elementor-element elementor-element-1cdb384 e-con-full e-flex wpr-particle-no wpr-jarallax-no wpr-parallax-no wpr-sticky-section-no e-con e-child\" data-id=\"1cdb384\" data-element_type=\"container\" data-e-type=\"container\">\n\t\t<div class=\"elementor-element elementor-element-9f88905 e-con-full e-flex wpr-particle-no wpr-jarallax-no wpr-parallax-no wpr-sticky-section-no e-con e-child\" data-id=\"9f88905\" data-element_type=\"container\" data-e-type=\"container\">\n\t\t\t\t<div class=\"elementor-element elementor-element-6a61e26 elementor-widget__width-initial elementor-widget-mobile__width-initial elementor-widget elementor-widget-image\" data-id=\"6a61e26\" data-element_type=\"widget\" data-e-type=\"widget\" data-widget_type=\"image.default\">\n\t\t\t\t<div class=\"elementor-widget-container\">\n\t\t\t\t\t\t\t\t\t\t\t\t\t\t\t\t<a href=\"https:\/\/ead.cb.es.gov.br\/login\/index.php\" target=\"_blank\">\n\t\t\t\t\t\t\t<img fetchpriority=\"high\" decoding=\"async\" width=\"300\" height=\"300\" src=\"https:\/\/abinvi.com.br\/novo\/wp-content\/uploads\/2025\/09\/certificacao-nacional-300x300.png\" class=\"attachment-medium size-medium wp-image-2532\" alt=\"\" srcset=\"https:\/\/abinvi.com.br\/novo\/wp-content\/uploads\/2025\/09\/certificacao-nacional-300x300.png 300w, https:\/\/abinvi.com.br\/novo\/wp-content\/uploads\/2025\/09\/certificacao-nacional-1024x1024.png 1024w, https:\/\/abinvi.com.br\/novo\/wp-content\/uploads\/2025\/09\/certificacao-nacional-150x150.png 150w, https:\/\/abinvi.com.br\/novo\/wp-content\/uploads\/2025\/09\/certificacao-nacional-768x768.png 768w, https:\/\/abinvi.com.br\/novo\/wp-content\/uploads\/2025\/09\/certificacao-nacional.png 1083w\" sizes=\"(max-width: 300px) 100vw, 300px\" \/>\t\t\t\t\t\t\t\t<\/a>\n\t\t\t\t\t\t\t\t\t\t\t\t\t\t\t<\/div>\n\t\t\t\t<\/div>\n\t\t\t\t<div class=\"elementor-element elementor-element-ebce743 elementor-widget elementor-widget-heading\" data-id=\"ebce743\" data-element_type=\"widget\" data-e-type=\"widget\" data-widget_type=\"heading.default\">\n\t\t\t\t<div class=\"elementor-widget-container\">\n\t\t\t\t\t<h3 class=\"elementor-heading-title elementor-size-default\"><u>Certifica\u00e7\u00e3o Nacional<\/u> <br>\"<i><b>T\u00e9cnico em Investiga\u00e7\u00e3o de inc\u00eandio<\/b><\/i>\"<\/h3>\t\t\t\t<\/div>\n\t\t\t\t<\/div>\n\t\t\t\t<div class=\"elementor-element elementor-element-8b73903 elementor-widget elementor-widget-text-editor\" data-id=\"8b73903\" data-element_type=\"widget\" data-e-type=\"widget\" data-widget_type=\"text-editor.default\">\n\t\t\t\t<div class=\"elementor-widget-container\">\n\t\t\t\t\t\t\t\t\t<p style=\"text-align: justify;\">O Programa de Certifica\u00e7\u00e3o Nacional &#8220;T\u00e9cnico em Investiga\u00e7\u00e3o de Inc\u00eandio&#8221; verifica e atesta os conhecimentos fundamentais do profissional de acordo com os requisitos de performance de trabalho e qualifica\u00e7\u00e3o profissional definidos pela NFPA 921, NFPA 1033 e NFPA 1037, incentivando o desenvolvimento t\u00e9cnico e educacional por meio do reconhecimento das realiza\u00e7\u00f5es de um indiv\u00edduo no desenvolvimento de habilidades e compet\u00eancias essenciais relacionadas \u00e0 investiga\u00e7\u00e3o de inc\u00eandios.<\/p>\t\t\t\t\t\t\t\t<\/div>\n\t\t\t\t<\/div>\n\t\t\t\t<\/div>\n\t\t\t\t<\/div>\n\t\t<div class=\"elementor-element elementor-element-2a5b83d e-con-full e-flex wpr-particle-no wpr-jarallax-no wpr-parallax-no wpr-sticky-section-no e-con e-child\" data-id=\"2a5b83d\" data-element_type=\"container\" data-e-type=\"container\">\n\t\t<div class=\"elementor-element elementor-element-5f5e0d5 e-con-full e-flex wpr-particle-no wpr-jarallax-no wpr-parallax-no wpr-sticky-section-no e-con e-child\" data-id=\"5f5e0d5\" data-element_type=\"container\" data-e-type=\"container\">\n\t\t\t\t<div class=\"elementor-element elementor-element-c7d13f4 elementor-widget__width-initial elementor-widget-mobile__width-initial elementor-widget elementor-widget-image\" data-id=\"c7d13f4\" data-element_type=\"widget\" data-e-type=\"widget\" data-widget_type=\"image.default\">\n\t\t\t\t<div class=\"elementor-widget-container\">\n\t\t\t\t\t\t\t\t\t\t\t\t\t\t\t\t<a href=\"https:\/\/ead.cb.es.gov.br\/login\/index.php\" target=\"_blank\">\n\t\t\t\t\t\t\t<img decoding=\"async\" width=\"300\" height=\"224\" src=\"https:\/\/abinvi.com.br\/novo\/wp-content\/uploads\/2024\/05\/certificacao-investigador-300x224.png\" class=\"attachment-medium size-medium wp-image-1163\" alt=\"\" srcset=\"https:\/\/abinvi.com.br\/novo\/wp-content\/uploads\/2024\/05\/certificacao-investigador-300x224.png 300w, https:\/\/abinvi.com.br\/novo\/wp-content\/uploads\/2024\/05\/certificacao-investigador-600x447.png 600w, https:\/\/abinvi.com.br\/novo\/wp-content\/uploads\/2024\/05\/certificacao-investigador-1024x763.png 1024w, https:\/\/abinvi.com.br\/novo\/wp-content\/uploads\/2024\/05\/certificacao-investigador-768x572.png 768w, https:\/\/abinvi.com.br\/novo\/wp-content\/uploads\/2024\/05\/certificacao-investigador-16x12.png 16w, https:\/\/abinvi.com.br\/novo\/wp-content\/uploads\/2024\/05\/certificacao-investigador.png 1369w\" sizes=\"(max-width: 300px) 100vw, 300px\" \/>\t\t\t\t\t\t\t\t<\/a>\n\t\t\t\t\t\t\t\t\t\t\t\t\t\t\t<\/div>\n\t\t\t\t<\/div>\n\t\t\t\t<div class=\"elementor-element elementor-element-af91026 elementor-widget elementor-widget-heading\" data-id=\"af91026\" data-element_type=\"widget\" data-e-type=\"widget\" data-widget_type=\"heading.default\">\n\t\t\t\t<div class=\"elementor-widget-container\">\n\t\t\t\t\t<h3 class=\"elementor-heading-title elementor-size-default\"><u>Certifica\u00e7\u00e3o Nacional<\/u><br> \"<i>Investigador de inc\u00eandio<\/i>\"<\/h3>\t\t\t\t<\/div>\n\t\t\t\t<\/div>\n\t\t\t\t<div class=\"elementor-element elementor-element-373766b elementor-widget elementor-widget-text-editor\" data-id=\"373766b\" data-element_type=\"widget\" data-e-type=\"widget\" data-widget_type=\"text-editor.default\">\n\t\t\t\t<div class=\"elementor-widget-container\">\n\t\t\t\t\t\t\t\t\t<p style=\"text-align: justify;\">Este programa certifica o candidato nos conhecimentos avan\u00e7ados de investiga\u00e7\u00e3o de inc\u00eandio, com amplia\u00e7\u00e3o da capacidade t\u00e9cnica para diferentes cen\u00e1rios.<\/p>\t\t\t\t\t\t\t\t<\/div>\n\t\t\t\t<\/div>\n\t\t\t\t<\/div>\n\t\t\t\t<\/div>\n\t\t\t\t\t<\/div>\n\t\t\t\t<\/div>\n\t\t\t\t<\/div>\n\t\t","protected":false},"excerpt":{"rendered":"<p>Certifica\u00e7\u00e3o Nacional &#8220;T\u00e9cnico em Investiga\u00e7\u00e3o de inc\u00eandio&#8220; O Programa de Certifica\u00e7\u00e3o Nacional &#8220;T\u00e9cnico em Investiga\u00e7\u00e3o de Inc\u00eandio&#8221; verifica e atesta os conhecimentos fundamentais do profissional de acordo com os requisitos de performance de trabalho e qualifica\u00e7\u00e3o profissional definidos pela NFPA 921, NFPA 1033 e NFPA 1037, incentivando o desenvolvimento t\u00e9cnico e educacional por meio do reconhecimento das realiza\u00e7\u00f5es de um indiv\u00edduo no desenvolvimento de habilidades e compet\u00eancias essenciais relacionadas \u00e0 investiga\u00e7\u00e3o de inc\u00eandios. Certifica\u00e7\u00e3o Nacional &#8220;Investigador de inc\u00eandio&#8220; Este programa certifica o candidato nos conhecimentos avan\u00e7ados de investiga\u00e7\u00e3o de inc\u00eandio, com amplia\u00e7\u00e3o da capacidade t\u00e9cnica para diferentes cen\u00e1rios.<\/p>\n","protected":false},"author":1,"featured_media":0,"parent":0,"menu_order":0,"comment_status":"closed","ping_status":"closed","template":"","meta":{"footnotes":""},"class_list":["post-276","page","type-page","status-publish","hentry"],"_links":{"self":[{"href":"https:\/\/abinvi.com.br\/novo\/wp-json\/wp\/v2\/pages\/276","targetHints":{"allow":["GET"]}}],"collection":[{"href":"https:\/\/abinvi.com.br\/novo\/wp-json\/wp\/v2\/pages"}],"about":[{"href":"https:\/\/abinvi.com.br\/novo\/wp-json\/wp\/v2\/types\/page"}],"author":[{"embeddable":true,"href":"https:\/\/abinvi.com.br\/novo\/wp-json\/wp\/v2\/users\/1"}],"replies":[{"embeddable":true,"href":"https:\/\/abinvi.com.br\/novo\/wp-json\/wp\/v2\/comments?post=276"}],"version-history":[{"count":104,"href":"https:\/\/abinvi.com.br\/novo\/wp-json\/wp\/v2\/pages\/276\/revisions"}],"predecessor-version":[{"id":2737,"href":"https:\/\/abinvi.com.br\/novo\/wp-json\/wp\/v2\/pages\/276\/revisions\/2737"}],"wp:attachment":[{"href":"https:\/\/abinvi.com.br\/novo\/wp-json\/wp\/v2\/media?parent=276"}],"curies":[{"name":"wp","href":"https:\/\/api.w.org\/{rel}","templated":true}]}}