{"id":3000,"date":"2026-05-05T15:20:53","date_gmt":"2026-05-05T18:20:53","guid":{"rendered":"https:\/\/abinvi.com.br\/novo\/?page_id=3000"},"modified":"2026-05-05T15:38:05","modified_gmt":"2026-05-05T18:38:05","slug":"minha-conta","status":"publish","type":"page","link":"https:\/\/abinvi.com.br\/novo\/minha-conta\/","title":{"rendered":"Minha Conta"},"content":{"rendered":"\t\t<div data-elementor-type=\"wp-page\" data-elementor-id=\"3000\" class=\"elementor elementor-3000\" data-elementor-post-type=\"page\">\n\t\t\t\t<div class=\"elementor-element elementor-element-26fbae4e e-flex e-con-boxed wpr-particle-no wpr-jarallax-no wpr-parallax-no wpr-sticky-section-no e-con e-parent\" data-id=\"26fbae4e\" data-element_type=\"container\" data-e-type=\"container\">\n\t\t\t\t\t<div class=\"e-con-inner\">\n\t\t\t\t<div class=\"elementor-element elementor-element-342300ff elementor-widget__width-initial e-my-account-tabs-vertical elementor-widget elementor-widget-woocommerce-my-account\" data-id=\"342300ff\" data-element_type=\"widget\" data-e-type=\"widget\" data-widget_type=\"woocommerce-my-account.default\">\n\t\t\t\t<div class=\"elementor-widget-container\">\n\t\t\t\t\t<div class=\"e-my-account-tab e-my-account-tab__ \">\t\t\t<div class=\"woocommerce\"><\/div>\t\t<\/div>\n\t\t\t\t\t\t<\/div>\n\t\t\t\t<\/div>\n\t\t\t\t\t<\/div>\n\t\t\t\t<\/div>\n\t\t\t\t<\/div>\n\t\t","protected":false},"excerpt":{"rendered":"<p>PAINEL PEDIDOS DOWNLOADS ENDERE\u00c7OS DETALHES DA CONTA SAIR Ol\u00e1, admin (n\u00e3o \u00e9 admin? Sair) A partir do painel de controle de sua conta, voc\u00ea pode ver suas compras recentes, gerenciar seus endere\u00e7os de entrega e cobran\u00e7a, e editar sua senha e detalhes da conta.<\/p>\n","protected":false},"author":1,"featured_media":0,"parent":0,"menu_order":0,"comment_status":"closed","ping_status":"closed","template":"","meta":{"footnotes":""},"class_list":["post-3000","page","type-page","status-publish","hentry"],"_links":{"self":[{"href":"https:\/\/abinvi.com.br\/novo\/wp-json\/wp\/v2\/pages\/3000","targetHints":{"allow":["GET"]}}],"collection":[{"href":"https:\/\/abinvi.com.br\/novo\/wp-json\/wp\/v2\/pages"}],"about":[{"href":"https:\/\/abinvi.com.br\/novo\/wp-json\/wp\/v2\/types\/page"}],"author":[{"embeddable":true,"href":"https:\/\/abinvi.com.br\/novo\/wp-json\/wp\/v2\/users\/1"}],"replies":[{"embeddable":true,"href":"https:\/\/abinvi.com.br\/novo\/wp-json\/wp\/v2\/comments?post=3000"}],"version-history":[{"count":7,"href":"https:\/\/abinvi.com.br\/novo\/wp-json\/wp\/v2\/pages\/3000\/revisions"}],"predecessor-version":[{"id":3015,"href":"https:\/\/abinvi.com.br\/novo\/wp-json\/wp\/v2\/pages\/3000\/revisions\/3015"}],"wp:attachment":[{"href":"https:\/\/abinvi.com.br\/novo\/wp-json\/wp\/v2\/media?parent=3000"}],"curies":[{"name":"wp","href":"https:\/\/api.w.org\/{rel}","templated":true}]}}