{"id":39,"date":"2024-04-01T19:47:44","date_gmt":"2024-04-01T19:47:44","guid":{"rendered":"https:\/\/abinvi.com.br\/novo\/home\/"},"modified":"2026-04-05T14:53:22","modified_gmt":"2026-04-05T17:53:22","slug":"home","status":"publish","type":"page","link":"https:\/\/abinvi.com.br\/novo\/","title":{"rendered":"Home"},"content":{"rendered":"\t\t<div data-elementor-type=\"wp-page\" data-elementor-id=\"39\" class=\"elementor elementor-39\" data-elementor-post-type=\"page\">\n\t\t\t\t\t\t<section class=\"elementor-section elementor-top-section elementor-element elementor-element-980f4cb elementor-section-boxed elementor-section-height-default elementor-section-height-default wpr-particle-no wpr-jarallax-no wpr-parallax-no wpr-sticky-section-no elementor-invisible\" data-id=\"980f4cb\" data-element_type=\"section\" data-e-type=\"section\" data-settings=\"{&quot;animation&quot;:&quot;fadeIn&quot;}\">\n\t\t\t\t\t\t<div class=\"elementor-container elementor-column-gap-default\">\n\t\t\t\t\t<div class=\"elementor-column elementor-col-100 elementor-top-column elementor-element elementor-element-a8f9015\" data-id=\"a8f9015\" data-element_type=\"column\" data-e-type=\"column\">\n\t\t\t<div class=\"elementor-widget-wrap elementor-element-populated\">\n\t\t\t\t\t\t<div class=\"elementor-element elementor-element-75af575 elementor-widget elementor-widget-heading\" data-id=\"75af575\" data-element_type=\"widget\" data-e-type=\"widget\" data-widget_type=\"heading.default\">\n\t\t\t\t<div class=\"elementor-widget-container\">\n\t\t\t\t\t<h2 class=\"elementor-heading-title elementor-size-default\">ABINVI: A maior comunidade de investigadores de inc\u00eandio do Brasil.<\/h2>\t\t\t\t<\/div>\n\t\t\t\t<\/div>\n\t\t\t\t<div class=\"elementor-element elementor-element-7cec40f elementor-widget elementor-widget-text-editor\" data-id=\"7cec40f\" data-element_type=\"widget\" data-e-type=\"widget\" data-widget_type=\"text-editor.default\">\n\t\t\t\t<div class=\"elementor-widget-container\">\n\t\t\t\t\t\t\t\t\t<p style=\"text-align: justify;\">A <a href=\"https:\/\/abinvi.com.br\/novo\/historia\/\"><b>ABINVI <\/b><\/a><i>(Associa\u00e7\u00e3o Brasileira de Investigadores de Inc\u00eandio)<\/i>, \u00e9 a maior comunidade Brasileira de investiga\u00e7\u00e3o de inc\u00eandio e representante oficial no Brasil da <strong><a href=\"https:\/\/www.firearson.com\/\" target=\"_blank\" rel=\"noopener\">IAAI<\/a><\/strong> (<em>International Association of Arson Investigators<\/em>), refer\u00eancia mundial em investiga\u00e7\u00e3o de inc\u00eandios e explos\u00f5es, cujo objetivo \u00e9 propagar o conhecimento e fortalecer a coopera\u00e7\u00e3o t\u00e9cnica e cient\u00edfica entre os investigadores de inc\u00eandio de todo o mundo.<\/p>\t\t\t\t\t\t\t\t<\/div>\n\t\t\t\t<\/div>\n\t\t\t\t\t<\/div>\n\t\t<\/div>\n\t\t\t\t\t<\/div>\n\t\t<\/section>\n\t\t<div class=\"elementor-element elementor-element-687986e e-flex e-con-boxed wpr-particle-no wpr-jarallax-no wpr-parallax-no wpr-sticky-section-no elementor-invisible e-con e-parent\" data-id=\"687986e\" data-element_type=\"container\" data-e-type=\"container\" data-settings=\"{&quot;animation&quot;:&quot;fadeIn&quot;}\">\n\t\t\t\t\t<div class=\"e-con-inner\">\n\t\t<a class=\"elementor-element elementor-element-15dfe9a e-con-full e-flex wpr-particle-no wpr-jarallax-no wpr-parallax-no wpr-sticky-section-no e-con e-child\" data-id=\"15dfe9a\" data-element_type=\"container\" data-e-type=\"container\" href=\"https:\/\/abinvi.com.br\/novo\/historia\/\">\n\t\t\t\t<div class=\"elementor-element elementor-element-ee678b2 elementor-widget elementor-widget-image\" data-id=\"ee678b2\" data-element_type=\"widget\" data-e-type=\"widget\" data-settings=\"{&quot;motion_fx_motion_fx_mouse&quot;:&quot;yes&quot;,&quot;motion_fx_tilt_effect&quot;:&quot;yes&quot;,&quot;motion_fx_tilt_direction&quot;:&quot;negative&quot;,&quot;_animation&quot;:&quot;none&quot;,&quot;motion_fx_tilt_speed&quot;:{&quot;unit&quot;:&quot;px&quot;,&quot;size&quot;:4,&quot;sizes&quot;:[]}}\" data-widget_type=\"image.default\">\n\t\t\t\t<div class=\"elementor-widget-container\">\n\t\t\t\t\t\t\t\t\t\t\t\t\t\t\t<img decoding=\"async\" src=\"https:\/\/abinvi.com.br\/novo\/wp-content\/uploads\/elementor\/thumbs\/nossa_historia_002-rdlozhx1a6k4enej3eqv912d3diktah972gqk36kg0.png\" title=\"ABINVI\" alt=\"ABINVI\" class=\"elementor-animation-grow\" loading=\"lazy\" \/>\t\t\t\t\t\t\t\t\t\t\t\t\t\t\t<\/div>\n\t\t\t\t<\/div>\n\t\t\t\t<\/a>\n\t\t<a class=\"elementor-element elementor-element-cb06da6 e-con-full e-flex wpr-particle-no wpr-jarallax-no wpr-parallax-no wpr-sticky-section-no e-con e-child\" data-id=\"cb06da6\" data-element_type=\"container\" data-e-type=\"container\" href=\"https:\/\/abinvi.com.br\/novo\/certificacoes\/\">\n\t\t\t\t<div class=\"elementor-element elementor-element-2dd5361 elementor-widget elementor-widget-image\" data-id=\"2dd5361\" data-element_type=\"widget\" data-e-type=\"widget\" data-settings=\"{&quot;motion_fx_motion_fx_mouse&quot;:&quot;yes&quot;,&quot;motion_fx_tilt_effect&quot;:&quot;yes&quot;,&quot;_animation&quot;:&quot;none&quot;,&quot;motion_fx_tilt_speed&quot;:{&quot;unit&quot;:&quot;px&quot;,&quot;size&quot;:4,&quot;sizes&quot;:[]}}\" data-widget_type=\"image.default\">\n\t\t\t\t<div class=\"elementor-widget-container\">\n\t\t\t\t\t\t\t\t\t\t\t\t\t\t\t<img decoding=\"async\" src=\"https:\/\/abinvi.com.br\/novo\/wp-content\/uploads\/elementor\/thumbs\/certificacoes_002-rdloze5oiuez47jzpd4cz20ipu13yi2bujusmzc54w.png\" title=\"ABINVI\" alt=\"ABINVI\" class=\"elementor-animation-grow\" loading=\"lazy\" \/>\t\t\t\t\t\t\t\t\t\t\t\t\t\t\t<\/div>\n\t\t\t\t<\/div>\n\t\t\t\t<\/a>\n\t\t<a class=\"elementor-element elementor-element-3093cda e-con-full e-flex wpr-particle-no wpr-jarallax-no wpr-parallax-no wpr-sticky-section-no e-con e-child\" data-id=\"3093cda\" data-element_type=\"container\" data-e-type=\"container\" href=\"https:\/\/abinvi.com.br\/novo\/capacitacao\/\">\n\t\t\t\t<div class=\"elementor-element elementor-element-adffaf6 elementor-widget elementor-widget-image\" data-id=\"adffaf6\" data-element_type=\"widget\" data-e-type=\"widget\" data-settings=\"{&quot;motion_fx_motion_fx_mouse&quot;:&quot;yes&quot;,&quot;motion_fx_tilt_effect&quot;:&quot;yes&quot;,&quot;motion_fx_tilt_direction&quot;:&quot;negative&quot;,&quot;_animation&quot;:&quot;none&quot;,&quot;motion_fx_tilt_speed&quot;:{&quot;unit&quot;:&quot;px&quot;,&quot;size&quot;:4,&quot;sizes&quot;:[]}}\" data-widget_type=\"image.default\">\n\t\t\t\t<div class=\"elementor-widget-container\">\n\t\t\t\t\t\t\t\t\t\t\t\t\t\t\t<img decoding=\"async\" src=\"https:\/\/abinvi.com.br\/novo\/wp-content\/uploads\/elementor\/thumbs\/capacitacao_002-rdloze5oiuez47jzpd4cz20ipu13yi2bujusmzc54w.png\" title=\"ABINVI\" alt=\"ABINVI\" class=\"elementor-animation-grow\" loading=\"lazy\" \/>\t\t\t\t\t\t\t\t\t\t\t\t\t\t\t<\/div>\n\t\t\t\t<\/div>\n\t\t\t\t<\/a>\n\t\t<a class=\"elementor-element elementor-element-36b9455 e-con-full e-flex wpr-particle-no wpr-jarallax-no wpr-parallax-no wpr-sticky-section-no e-con e-child\" data-id=\"36b9455\" data-element_type=\"container\" data-e-type=\"container\" href=\"https:\/\/abinvi.com.br\/novo\/membros\/\">\n\t\t\t\t<div class=\"elementor-element elementor-element-bceb5a4 elementor-widget elementor-widget-image\" data-id=\"bceb5a4\" data-element_type=\"widget\" data-e-type=\"widget\" data-settings=\"{&quot;motion_fx_motion_fx_mouse&quot;:&quot;yes&quot;,&quot;motion_fx_tilt_effect&quot;:&quot;yes&quot;,&quot;_animation&quot;:&quot;none&quot;,&quot;motion_fx_tilt_speed&quot;:{&quot;unit&quot;:&quot;px&quot;,&quot;size&quot;:4,&quot;sizes&quot;:[]}}\" data-widget_type=\"image.default\">\n\t\t\t\t<div class=\"elementor-widget-container\">\n\t\t\t\t\t\t\t\t\t\t\t\t\t\t\t<img decoding=\"async\" src=\"https:\/\/abinvi.com.br\/novo\/wp-content\/uploads\/elementor\/thumbs\/membros_002-rdlozgz73ciu31fw8wc8ojawhzn7lldiuxt92t7ym8.png\" title=\"ABINVI\" alt=\"ABINVI\" class=\"elementor-animation-grow\" loading=\"lazy\" \/>\t\t\t\t\t\t\t\t\t\t\t\t\t\t\t<\/div>\n\t\t\t\t<\/div>\n\t\t\t\t<\/a>\n\t\t<a class=\"elementor-element elementor-element-952d223 e-con-full e-flex wpr-particle-no wpr-jarallax-no wpr-parallax-no wpr-sticky-section-no e-con e-child\" data-id=\"952d223\" data-element_type=\"container\" data-e-type=\"container\" href=\"https:\/\/abinvi.com.br\/novo\/contato\/\">\n\t\t\t\t<div class=\"elementor-element elementor-element-5175a0f elementor-widget elementor-widget-image\" data-id=\"5175a0f\" data-element_type=\"widget\" data-e-type=\"widget\" data-settings=\"{&quot;motion_fx_motion_fx_mouse&quot;:&quot;yes&quot;,&quot;motion_fx_tilt_effect&quot;:&quot;yes&quot;,&quot;motion_fx_tilt_direction&quot;:&quot;negative&quot;,&quot;_animation&quot;:&quot;none&quot;,&quot;motion_fx_tilt_speed&quot;:{&quot;unit&quot;:&quot;px&quot;,&quot;size&quot;:4,&quot;sizes&quot;:[]}}\" data-widget_type=\"image.default\">\n\t\t\t\t<div class=\"elementor-widget-container\">\n\t\t\t\t\t\t\t\t\t\t\t\t\t\t\t<img decoding=\"async\" src=\"https:\/\/abinvi.com.br\/novo\/wp-content\/uploads\/elementor\/thumbs\/contato_002-rdlozf3ipog9ftimjvizjjrzb7wh67626oia49aqyo.png\" title=\"ABINVI\" alt=\"ABINVI\" class=\"elementor-animation-grow\" loading=\"lazy\" \/>\t\t\t\t\t\t\t\t\t\t\t\t\t\t\t<\/div>\n\t\t\t\t<\/div>\n\t\t\t\t<\/a>\n\t\t\t\t\t<\/div>\n\t\t\t\t<\/div>\n\t\t\t\t<section class=\"elementor-section elementor-top-section elementor-element elementor-element-15abe2e elementor-section-boxed elementor-section-height-default elementor-section-height-default wpr-particle-no wpr-jarallax-no wpr-parallax-no wpr-sticky-section-no\" data-id=\"15abe2e\" data-element_type=\"section\" data-e-type=\"section\">\n\t\t\t\t\t\t<div class=\"elementor-container elementor-column-gap-default\">\n\t\t\t\t\t<div class=\"elementor-column elementor-col-100 elementor-top-column elementor-element elementor-element-a2b4efd\" data-id=\"a2b4efd\" data-element_type=\"column\" data-e-type=\"column\">\n\t\t\t<div class=\"elementor-widget-wrap elementor-element-populated\">\n\t\t\t\t\t\t<div class=\"elementor-element elementor-element-b0f90d0 elementor-widget elementor-widget-text-editor\" data-id=\"b0f90d0\" data-element_type=\"widget\" data-e-type=\"widget\" data-widget_type=\"text-editor.default\">\n\t\t\t\t<div class=\"elementor-widget-container\">\n\t\t\t\t\t\t\t\t\t<p style=\"text-align: center;\"><strong>Junte-se \u00e0 ABINVI e venha fazer a diferen\u00e7a!<\/strong><\/p>\t\t\t\t\t\t\t\t<\/div>\n\t\t\t\t<\/div>\n\t\t\t\t\t<\/div>\n\t\t<\/div>\n\t\t\t\t\t<\/div>\n\t\t<\/section>\n\t\t\t\t<\/div>\n\t\t","protected":false},"excerpt":{"rendered":"<p>ABINVI: A maior comunidade de investigadores de inc\u00eandio do Brasil. A ABINVI (Associa\u00e7\u00e3o Brasileira de Investigadores de Inc\u00eandio), \u00e9 a maior comunidade Brasileira de investiga\u00e7\u00e3o de inc\u00eandio e representante oficial no Brasil da IAAI (International Association of Arson Investigators), refer\u00eancia mundial em investiga\u00e7\u00e3o de inc\u00eandios e explos\u00f5es, cujo objetivo \u00e9 propagar o conhecimento e fortalecer a coopera\u00e7\u00e3o t\u00e9cnica e cient\u00edfica entre os investigadores de inc\u00eandio de todo o mundo. Junte-se \u00e0 ABINVI e venha fazer a diferen\u00e7a!<\/p>\n","protected":false},"author":1,"featured_media":0,"parent":0,"menu_order":0,"comment_status":"closed","ping_status":"closed","template":"elementor_theme","meta":{"footnotes":""},"class_list":["post-39","page","type-page","status-publish","hentry"],"_links":{"self":[{"href":"https:\/\/abinvi.com.br\/novo\/wp-json\/wp\/v2\/pages\/39","targetHints":{"allow":["GET"]}}],"collection":[{"href":"https:\/\/abinvi.com.br\/novo\/wp-json\/wp\/v2\/pages"}],"about":[{"href":"https:\/\/abinvi.com.br\/novo\/wp-json\/wp\/v2\/types\/page"}],"author":[{"embeddable":true,"href":"https:\/\/abinvi.com.br\/novo\/wp-json\/wp\/v2\/users\/1"}],"replies":[{"embeddable":true,"href":"https:\/\/abinvi.com.br\/novo\/wp-json\/wp\/v2\/comments?post=39"}],"version-history":[{"count":387,"href":"https:\/\/abinvi.com.br\/novo\/wp-json\/wp\/v2\/pages\/39\/revisions"}],"predecessor-version":[{"id":2761,"href":"https:\/\/abinvi.com.br\/novo\/wp-json\/wp\/v2\/pages\/39\/revisions\/2761"}],"wp:attachment":[{"href":"https:\/\/abinvi.com.br\/novo\/wp-json\/wp\/v2\/media?parent=39"}],"curies":[{"name":"wp","href":"https:\/\/api.w.org\/{rel}","templated":true}]}}