{"id":874,"date":"2024-04-24T19:48:23","date_gmt":"2024-04-24T22:48:23","guid":{"rendered":"https:\/\/abinvi.com.br\/novo\/?page_id=874"},"modified":"2025-09-22T20:22:52","modified_gmt":"2025-09-22T23:22:52","slug":"capacitacoes","status":"publish","type":"page","link":"https:\/\/abinvi.com.br\/novo\/capacitacoes\/","title":{"rendered":"Capacita\u00e7\u00f5es"},"content":{"rendered":"\t\t<div data-elementor-type=\"wp-page\" data-elementor-id=\"874\" class=\"elementor elementor-874\" data-elementor-post-type=\"page\">\n\t\t\t\t\t\t<section class=\"elementor-section elementor-top-section elementor-element elementor-element-479d7b0 elementor-section-boxed elementor-section-height-default elementor-section-height-default wpr-particle-no wpr-jarallax-no wpr-parallax-no wpr-sticky-section-no\" data-id=\"479d7b0\" data-element_type=\"section\" data-e-type=\"section\" data-settings=\"{&quot;background_background&quot;:&quot;gradient&quot;,&quot;shape_divider_top&quot;:&quot;opacity-fan&quot;}\">\n\t\t\t\t\t<div class=\"elementor-shape elementor-shape-top\" aria-hidden=\"true\" data-negative=\"false\">\n\t\t\t<svg xmlns=\"http:\/\/www.w3.org\/2000\/svg\" viewBox=\"0 0 283.5 19.6\" preserveAspectRatio=\"none\">\n\t<path class=\"elementor-shape-fill\" style=\"opacity:0.33\" d=\"M0 0L0 18.8 141.8 4.1 283.5 18.8 283.5 0z\"\/>\n\t<path class=\"elementor-shape-fill\" style=\"opacity:0.33\" d=\"M0 0L0 12.6 141.8 4 283.5 12.6 283.5 0z\"\/>\n\t<path class=\"elementor-shape-fill\" style=\"opacity:0.33\" d=\"M0 0L0 6.4 141.8 4 283.5 6.4 283.5 0z\"\/>\n\t<path class=\"elementor-shape-fill\" d=\"M0 0L0 1.2 141.8 4 283.5 1.2 283.5 0z\"\/>\n<\/svg>\t\t<\/div>\n\t\t\t\t\t<div class=\"elementor-container elementor-column-gap-default\">\n\t\t\t\t\t<div class=\"elementor-column elementor-col-100 elementor-top-column elementor-element elementor-element-d85c567\" data-id=\"d85c567\" data-element_type=\"column\" data-e-type=\"column\">\n\t\t\t<div class=\"elementor-widget-wrap elementor-element-populated\">\n\t\t\t\t\t\t<div class=\"elementor-element elementor-element-7497b89 elementor-widget elementor-widget-accordion\" data-id=\"7497b89\" data-element_type=\"widget\" data-e-type=\"widget\" data-widget_type=\"accordion.default\">\n\t\t\t\t<div class=\"elementor-widget-container\">\n\t\t\t\t\t\t\t<div class=\"elementor-accordion\">\n\t\t\t\t\t\t\t<div class=\"elementor-accordion-item\">\n\t\t\t\t\t<div id=\"elementor-tab-title-1221\" class=\"elementor-tab-title\" data-tab=\"1\" role=\"button\" aria-controls=\"elementor-tab-content-1221\" aria-expanded=\"false\">\n\t\t\t\t\t\t\t\t\t\t\t\t\t<span class=\"elementor-accordion-icon elementor-accordion-icon-left\" aria-hidden=\"true\">\n\t\t\t\t\t\t\t\t\t\t\t\t\t\t\t<span class=\"elementor-accordion-icon-closed\"><svg class=\"e-font-icon-svg e-fas-plus\" viewBox=\"0 0 448 512\" xmlns=\"http:\/\/www.w3.org\/2000\/svg\"><path d=\"M416 208H272V64c0-17.67-14.33-32-32-32h-32c-17.67 0-32 14.33-32 32v144H32c-17.67 0-32 14.33-32 32v32c0 17.67 14.33 32 32 32h144v144c0 17.67 14.33 32 32 32h32c17.67 0 32-14.33 32-32V304h144c17.67 0 32-14.33 32-32v-32c0-17.67-14.33-32-32-32z\"><\/path><\/svg><\/span>\n\t\t\t\t\t\t\t\t<span class=\"elementor-accordion-icon-opened\"><svg class=\"e-font-icon-svg e-fas-minus\" viewBox=\"0 0 448 512\" xmlns=\"http:\/\/www.w3.org\/2000\/svg\"><path d=\"M416 208H32c-17.67 0-32 14.33-32 32v32c0 17.67 14.33 32 32 32h384c17.67 0 32-14.33 32-32v-32c0-17.67-14.33-32-32-32z\"><\/path><\/svg><\/span>\n\t\t\t\t\t\t\t\t\t\t\t\t\t\t<\/span>\n\t\t\t\t\t\t\t\t\t\t\t\t<a class=\"elementor-accordion-title\" tabindex=\"0\">CURSO DE FUNDAMENTOS DA INVESTIGA\u00c7AO DE INC\u00caNDIO (NFPA 921 E 1033)<\/a>\n\t\t\t\t\t<\/div>\n\t\t\t\t\t<div id=\"elementor-tab-content-1221\" class=\"elementor-tab-content elementor-clearfix\" data-tab=\"1\" role=\"region\" aria-labelledby=\"elementor-tab-title-1221\"><p style=\"text-align: justify;\"><span style=\"color: #000000;\"><img fetchpriority=\"high\" decoding=\"async\" class=\"wp-image-2532 size-medium aligncenter\" src=\"https:\/\/abinvi.com.br\/novo\/wp-content\/uploads\/2025\/09\/certificacao-nacional-300x300.png\" alt=\"\" width=\"300\" height=\"300\" srcset=\"https:\/\/abinvi.com.br\/novo\/wp-content\/uploads\/2025\/09\/certificacao-nacional-300x300.png 300w, https:\/\/abinvi.com.br\/novo\/wp-content\/uploads\/2025\/09\/certificacao-nacional-1024x1024.png 1024w, https:\/\/abinvi.com.br\/novo\/wp-content\/uploads\/2025\/09\/certificacao-nacional-150x150.png 150w, https:\/\/abinvi.com.br\/novo\/wp-content\/uploads\/2025\/09\/certificacao-nacional-768x768.png 768w, https:\/\/abinvi.com.br\/novo\/wp-content\/uploads\/2025\/09\/certificacao-nacional.png 1083w\" sizes=\"(max-width: 300px) 100vw, 300px\" \/><\/span><\/p><div style=\"text-align: justify;\">\u00a0<\/div><h1 data-start=\"90\" data-end=\"106\">\ud83d\udea8 Em breve!<\/h1><p data-start=\"108\" data-end=\"174\">\ud83d\udd25 <strong data-start=\"111\" data-end=\"172\">Curso de Fundamentos da Investiga\u00e7\u00e3o de Inc\u00eandio \u2013 ABINVI<\/strong><\/p><p data-start=\"176\" data-end=\"301\">Estamos preparando uma nova turma com conte\u00fado exclusivo baseado nas normas internacionais <strong data-start=\"267\" data-end=\"298\">NFPA 921 e 1033<\/strong>.<\/p><p data-start=\"303\" data-end=\"391\">\ud83d\udc49 Fiquem atentos \u00e0s nossas redes e canais oficiais: em breve abriremos as inscri\u00e7\u00f5es!<\/p><p data-start=\"393\" data-end=\"464\">N\u00e3o perca a chance de se destacar como <strong data-start=\"432\" data-end=\"461\">investigador de inc\u00eandios<\/strong>.<\/p><\/div>\n\t\t\t\t<\/div>\n\t\t\t\t\t\t\t\t<\/div>\n\t\t\t\t\t\t<\/div>\n\t\t\t\t<\/div>\n\t\t\t\t\t<\/div>\n\t\t<\/div>\n\t\t\t\t\t<\/div>\n\t\t<\/section>\n\t\t<div class=\"elementor-element elementor-element-31edc90 e-flex e-con-boxed wpr-particle-no wpr-jarallax-no wpr-parallax-no wpr-sticky-section-no e-con e-parent\" data-id=\"31edc90\" data-element_type=\"container\" data-e-type=\"container\" data-settings=\"{&quot;background_background&quot;:&quot;gradient&quot;,&quot;shape_divider_top&quot;:&quot;opacity-tilt&quot;}\">\n\t\t\t\t\t<div class=\"e-con-inner\">\n\t\t\t\t<div class=\"elementor-shape elementor-shape-top\" aria-hidden=\"true\" data-negative=\"false\">\n\t\t\t<svg xmlns=\"http:\/\/www.w3.org\/2000\/svg\" viewBox=\"0 0 2600 131.1\" preserveAspectRatio=\"none\">\n\t<path class=\"elementor-shape-fill\" d=\"M0 0L2600 0 2600 69.1 0 0z\"\/>\n\t<path class=\"elementor-shape-fill\" style=\"opacity:0.5\" d=\"M0 0L2600 0 2600 69.1 0 69.1z\"\/>\n\t<path class=\"elementor-shape-fill\" style=\"opacity:0.25\" d=\"M2600 0L0 0 0 130.1 2600 69.1z\"\/>\n<\/svg>\t\t<\/div>\n\t\t<div class=\"elementor-element elementor-element-4a830f7 e-flex e-con-boxed wpr-particle-no wpr-jarallax-no wpr-parallax-no wpr-sticky-section-no e-con e-child\" data-id=\"4a830f7\" data-element_type=\"container\" data-e-type=\"container\">\n\t\t\t\t\t<div class=\"e-con-inner\">\n\t\t\t\t\t<\/div>\n\t\t\t\t<\/div>\n\t\t\t\t\t<\/div>\n\t\t\t\t<\/div>\n\t\t\t\t<\/div>\n\t\t","protected":false},"excerpt":{"rendered":"<p>CURSO DE FUNDAMENTOS DA INVESTIGA\u00c7AO DE INC\u00caNDIO (NFPA 921 E 1033) \u00a0 \ud83d\udea8 Em breve! \ud83d\udd25 Curso de Fundamentos da Investiga\u00e7\u00e3o de Inc\u00eandio \u2013 ABINVI Estamos preparando uma nova turma com conte\u00fado exclusivo baseado nas normas internacionais NFPA 921 e 1033. \ud83d\udc49 Fiquem atentos \u00e0s nossas redes e canais oficiais: em breve abriremos as inscri\u00e7\u00f5es! N\u00e3o perca a chance de se destacar como investigador de inc\u00eandios.<\/p>\n","protected":false},"author":1,"featured_media":0,"parent":0,"menu_order":0,"comment_status":"closed","ping_status":"closed","template":"","meta":{"footnotes":""},"class_list":["post-874","page","type-page","status-publish","hentry"],"_links":{"self":[{"href":"https:\/\/abinvi.com.br\/novo\/wp-json\/wp\/v2\/pages\/874","targetHints":{"allow":["GET"]}}],"collection":[{"href":"https:\/\/abinvi.com.br\/novo\/wp-json\/wp\/v2\/pages"}],"about":[{"href":"https:\/\/abinvi.com.br\/novo\/wp-json\/wp\/v2\/types\/page"}],"author":[{"embeddable":true,"href":"https:\/\/abinvi.com.br\/novo\/wp-json\/wp\/v2\/users\/1"}],"replies":[{"embeddable":true,"href":"https:\/\/abinvi.com.br\/novo\/wp-json\/wp\/v2\/comments?post=874"}],"version-history":[{"count":105,"href":"https:\/\/abinvi.com.br\/novo\/wp-json\/wp\/v2\/pages\/874\/revisions"}],"predecessor-version":[{"id":2719,"href":"https:\/\/abinvi.com.br\/novo\/wp-json\/wp\/v2\/pages\/874\/revisions\/2719"}],"wp:attachment":[{"href":"https:\/\/abinvi.com.br\/novo\/wp-json\/wp\/v2\/media?parent=874"}],"curies":[{"name":"wp","href":"https:\/\/api.w.org\/{rel}","templated":true}]}}